{"id":6403,"date":"2022-06-21T08:18:19","date_gmt":"2022-06-21T08:18:19","guid":{"rendered":"https:\/\/el1.thembaydev.com\/zota_handmade\/?page_id=6403"},"modified":"2025-03-08T16:46:13","modified_gmt":"2025-03-08T15:46:13","slug":"accueil","status":"publish","type":"page","link":"https:\/\/managi.ma\/","title":{"rendered":"Accueil"},"content":{"rendered":"\t\t<div data-elementor-type=\"wp-page\" data-elementor-id=\"6403\" class=\"elementor elementor-6403\">\n\t\t\t\t\t\t<section class=\"elementor-section elementor-top-section elementor-element elementor-element-979e1e3 elementor-section-full_width elementor-section-stretched elementor-section-height-default elementor-section-height-default\" data-id=\"979e1e3\" data-element_type=\"section\" data-settings=\"{&quot;stretch_section&quot;:&quot;section-stretched&quot;}\">\n\t\t\t\t\t\t<div class=\"elementor-container elementor-column-gap-default\">\n\t\t\t\t\t<div class=\"elementor-column elementor-col-100 elementor-top-column elementor-element elementor-element-5ae3cab\" data-id=\"5ae3cab\" data-element_type=\"column\">\n\t\t\t<div class=\"elementor-widget-wrap elementor-element-populated\">\n\t\t\t\t\t\t<div class=\"elementor-element elementor-element-73b8b89 elementor-widget elementor-widget-slider_revolution\" data-id=\"73b8b89\" data-element_type=\"widget\" data-widget_type=\"slider_revolution.default\">\n\t\t\t\t<div class=\"elementor-widget-container\">\n\t\t\t\t\t\n\t\t<div class=\"wp-block-themepunch-revslider\">\n\t\t\t\t<p class=\"rs-p-wp-fix\"><\/p>\n\t\t\t\t<sr7-module data-alias=\"slider-1\" data-id=\"1\" id=\"SR7_1_1\" class=\"rs-ov-hidden\" data-version=\"6.7.23\">\n\t\t\t\t\t<sr7-adjuster><\/sr7-adjuster>\n\t\t\t\t\t<sr7-content>\n\t\t\t\t\t\t<sr7-slide id=\"SR7_1_1-1\" data-key=\"1\">\n\t\t\t\t\t\t\t<sr7-bg id=\"SR7_1_1-1-2\" class=\"sr7-layer\"><noscript><img decoding=\"async\" src=\"https:\/\/managi.ma\/wp-content\/uploads\/2025\/03\/managi-slider-new-1.jpg\" alt=\"\" title=\"managi slider new\"><\/noscript><\/sr7-bg>\n\t\t\t\t\t\t\t<sr7-txt id=\"SR7_1_1-1-0\" class=\"sr7-layer\">Toute votre entreprise en un seul endroit<\/sr7-txt>\n\t\t\t\t\t\t\t<sr7-txt id=\"SR7_1_1-1-1\" class=\"sr7-layer\">La solution d'int\u00e9gration <br\/>qui vous fait gagner du temps et de l'argent<\/sr7-txt>\n\t\t\t\t\t\t<\/sr7-slide>\n\t\t\t\t\t\t<sr7-slide id=\"SR7_1_1-3\" data-key=\"3\">\n\t\t\t\t\t\t<\/sr7-slide>\n\t\t\t\t\t<\/sr7-content>\n\t\t\t\t\t<image_lists style=\"display:none\">\n\t\t\t\t\t\t<img data-src=\"\/\/managi.ma\/wp-content\/uploads\/2025\/03\/managi-slider-new-1.jpg\" data-libid=\"6907\" data-lib=\"medialibrary\" title=\"managi slider new\" width=\"0\" height=\"0\" data-dbsrc=\"Ly9tYW5hZ2kubWEvd3AtY29udGVudC91cGxvYWRzLzIwMjUvMDMvbWFuYWdpLXNsaWRlci1uZXctMS5qcGc=\"\/>\n\t\t\t\t\t<\/image_lists>\n\t\t\t\t<\/sr7-module>\n\t\t\t\t<script>\n\t\t\t\t\tSR7.PMH ??={}; SR7.PMH[\"SR7_1_1\"] = {cn:100,state:false,fn: function() { if (_tpt!==undefined && _tpt.prepareModuleHeight !== undefined) {  _tpt.prepareModuleHeight({id:\"SR7_1_1\",el:[592,592,500,500,400],type:'standard',shdw:'0',gh:[592,592,500,500,450],gw:[1356,1356,1024,778,480],vpt:['-100px&#039;,&#039;-100px&#039;,&#039;-100px&#039;,&#039;-100px&#039;,&#039;-100px'],size:{fullWidth:true, fullHeight:false},mh:'0',onh:0,onw:0,bg:{color:'{\"orig\":\"transparent\",\"type\":\"solid\",\"string\":\"transparent\"}'}});   SR7.PMH[\"SR7_1_1\"].state=true;} else if(SR7.PMH[\"SR7_1_1\"].cn-->0)\tsetTimeout( SR7.PMH[\"SR7_1_1\"].fn,19);}};SR7.PMH[\"SR7_1_1\" ].fn();\n\t\t\t\t<\/script>\n<\/div>\n\n\t\t\t\t\t\t<\/div>\n\t\t\t\t<\/div>\n\t\t\t\t\t<\/div>\n\t\t<\/div>\n\t\t\t\t\t<\/div>\n\t\t<\/section>\n\t\t\t\t<section class=\"elementor-section elementor-top-section elementor-element elementor-element-fb81964 elementor-section-boxed elementor-section-height-default elementor-section-height-default\" data-id=\"fb81964\" data-element_type=\"section\">\n\t\t\t\t\t\t<div class=\"elementor-container elementor-column-gap-default\">\n\t\t\t\t\t<div class=\"elementor-column elementor-col-100 elementor-top-column elementor-element elementor-element-5d64a1d\" data-id=\"5d64a1d\" data-element_type=\"column\">\n\t\t\t<div class=\"elementor-widget-wrap\">\n\t\t\t\t\t\t\t<\/div>\n\t\t<\/div>\n\t\t\t\t\t<\/div>\n\t\t<\/section>\n\t\t<div class=\"elementor-element elementor-element-f4a3957 e-flex e-con-boxed e-con e-parent\" data-id=\"f4a3957\" data-element_type=\"container\">\n\t\t\t\t\t<div class=\"e-con-inner\">\n\t\t<div class=\"elementor-element elementor-element-49e60a8 e-con-full e-flex e-con e-child\" data-id=\"49e60a8\" data-element_type=\"container\">\n\t\t\t\t<div class=\"elementor-element elementor-element-ba5b924 elementor-widget elementor-widget-tbay-heading\" data-id=\"ba5b924\" data-element_type=\"widget\" data-widget_type=\"tbay-heading.default\">\n\t\t\t\t<div class=\"elementor-widget-container\">\n\t\t\t\t\t\r\n<div class=\"tbay-element tbay-element-heading\">\r\n\t\t\t\t<h3 class=\"heading-tbay-title\">\r\n\t\t\t\t\t\t\t\t\t<span class=\"title\">Prix comp\u00e9titif<\/span>\r\n\t\t\t\t\t    \t\r\n\t\t\t\t\t\t\t<\/h3>\r\n\t\t<\/div>\t\t\t\t<\/div>\n\t\t\t\t<\/div>\n\t\t\t\t<div class=\"elementor-element elementor-element-422184e elementor-widget elementor-widget-text-editor\" data-id=\"422184e\" data-element_type=\"widget\" data-widget_type=\"text-editor.default\">\n\t\t\t\t<div class=\"elementor-widget-container\">\n\t\t\t\t\t\t\t\t\t<p>Nous proposons des tarifs comp\u00e9titifs pour notre offre d&#8217;int\u00e9gration, sans frais cach\u00e9s ni suppl\u00e9ments. Nous sommes convaincus que notre solution doit \u00eatre accessible \u00e0 toutes les entreprises, quel que soit leur budget.<\/p>\t\t\t\t\t\t\t\t<\/div>\n\t\t\t\t<\/div>\n\t\t\t\t<\/div>\n\t\t<div class=\"elementor-element elementor-element-9356df0 e-con-full e-flex e-con e-child\" data-id=\"9356df0\" data-element_type=\"container\">\n\t\t\t\t<div class=\"elementor-element elementor-element-963836c elementor-widget elementor-widget-tbay-heading\" data-id=\"963836c\" data-element_type=\"widget\" data-widget_type=\"tbay-heading.default\">\n\t\t\t\t<div class=\"elementor-widget-container\">\n\t\t\t\t\t\r\n<div class=\"tbay-element tbay-element-heading\">\r\n\t\t\t\t<h3 class=\"heading-tbay-title\">\r\n\t\t\t\t\t\t\t\t\t<span class=\"title\">Solution compl\u00e8te<\/span>\r\n\t\t\t\t\t    \t\r\n\t\t\t\t\t\t\t<\/h3>\r\n\t\t<\/div>\t\t\t\t<\/div>\n\t\t\t\t<\/div>\n\t\t\t\t<div class=\"elementor-element elementor-element-9f7cc13 elementor-widget elementor-widget-text-editor\" data-id=\"9f7cc13\" data-element_type=\"widget\" data-widget_type=\"text-editor.default\">\n\t\t\t\t<div class=\"elementor-widget-container\">\n\t\t\t\t\t\t\t\t\t<p>Notre offre d&#8217;int\u00e9gration comprend toutes les fonctionnalit\u00e9s n\u00e9cessaires pour g\u00e9rer votre entreprise de mani\u00e8re efficace. Nous proposons une solution compl\u00e8te\u00a0 pour g\u00e9rer tous les axes de gestion de votre entreprise facilement\u00a0<\/p>\t\t\t\t\t\t\t\t<\/div>\n\t\t\t\t<\/div>\n\t\t\t\t<\/div>\n\t\t<div class=\"elementor-element elementor-element-1bc4f8a e-con-full e-flex e-con e-child\" data-id=\"1bc4f8a\" data-element_type=\"container\">\n\t\t\t\t<div class=\"elementor-element elementor-element-b8e18ce elementor-widget elementor-widget-tbay-heading\" data-id=\"b8e18ce\" data-element_type=\"widget\" data-widget_type=\"tbay-heading.default\">\n\t\t\t\t<div class=\"elementor-widget-container\">\n\t\t\t\t\t\r\n<div class=\"tbay-element tbay-element-heading\">\r\n\t\t\t\t<h3 class=\"heading-tbay-title\">\r\n\t\t\t\t\t\t\t\t\t<span class=\"title\">Efficacit\u00e9 garantie<\/span>\r\n\t\t\t\t\t    \t\r\n\t\t\t\t\t\t\t<\/h3>\r\n\t\t<\/div>\t\t\t\t<\/div>\n\t\t\t\t<\/div>\n\t\t\t\t<div class=\"elementor-element elementor-element-3b45a73 elementor-widget elementor-widget-text-editor\" data-id=\"3b45a73\" data-element_type=\"widget\" data-widget_type=\"text-editor.default\">\n\t\t\t\t<div class=\"elementor-widget-container\">\n\t\t\t\t\t\t\t\t\t<p>Nous proposons une int\u00e9gration personnalis\u00e9e pour garantir que notre solution r\u00e9pond \u00e0 vos besoins sp\u00e9cifiques. Nous sommes \u00e9galement \u00e0 votre disposition pour vous aider \u00e0 configurer et \u00e0 utiliser notre solution de mani\u00e8re efficace.<\/p>\t\t\t\t\t\t\t\t<\/div>\n\t\t\t\t<\/div>\n\t\t\t\t<\/div>\n\t\t\t\t\t<\/div>\n\t\t\t\t<\/div>\n\t\t<div class=\"elementor-element elementor-element-20626d2 e-flex e-con-boxed e-con e-parent\" data-id=\"20626d2\" data-element_type=\"container\">\n\t\t\t\t\t<div class=\"e-con-inner\">\n\t\t<div class=\"elementor-element elementor-element-b5c1be7 e-con-full e-flex e-con e-child\" data-id=\"b5c1be7\" data-element_type=\"container\">\n\t\t\t\t<div class=\"elementor-element elementor-element-28a93ba elementor-widget elementor-widget-tbay-heading\" data-id=\"28a93ba\" data-element_type=\"widget\" data-widget_type=\"tbay-heading.default\">\n\t\t\t\t<div class=\"elementor-widget-container\">\n\t\t\t\t\t\r\n<div class=\"tbay-element tbay-element-heading\">\r\n\t\t\t\t<h3 class=\"heading-tbay-title\">\r\n\t\t\t\t\t\t\t\t\t<span class=\"title\">Nous proposons avec fiert\u00e9 l\u2019offre d\u2019int\u00e9gration du logiciel de gestion la moins ch\u00e8re du march\u00e9 !<\/span>\r\n\t\t\t\t\t    \t\r\n\t\t\t\t\t\t\t<\/h3>\r\n\t\t<\/div>\t\t\t\t<\/div>\n\t\t\t\t<\/div>\n\t\t\t\t<div class=\"elementor-element elementor-element-91942b6 elementor-widget elementor-widget-text-editor\" data-id=\"91942b6\" data-element_type=\"widget\" data-widget_type=\"text-editor.default\">\n\t\t\t\t<div class=\"elementor-widget-container\">\n\t\t\t\t\t\t\t\t\t<p>\u00a0<\/p><p><span style=\"font-weight: 400;\">Dolibarr est un logiciel de gestion commercial Fran\u00e7ais gratuit et open source, il est mis \u00e0 jour r\u00e9guli\u00e8rement par la communaut\u00e9 internationale. L\u2019offre infog\u00e9r\u00e9 managi.ma inclus l\u2019h\u00e9bergement et l\u2019infog\u00e9rance de la solution avec tous les param\u00e9trages , Le conseil, , la formation et le support technique\u00a0<\/span><\/p><p><span style=\"font-weight: 400;\">l\u2019equipe Managi.ma vous aiderons \u00e0 gagner du temps et all\u00e9ger vos t\u00e2ches de gestion et piloter votre activit\u00e9 d\u2019une mani\u00e8re simple et fluide.<\/span><span style=\"font-weight: 400;\"><br \/><\/span><span style=\"font-weight: 400;\">Contrairement \u00e0 ce qui est propos\u00e9 sur le march\u00e9, managi.ma vous propose une solution compl\u00e8te avec toutes les fonctionnalit\u00e9s n\u00e9cessaires et avec les tarifs les moins cher du march\u00e9<\/span><\/p>\t\t\t\t\t\t\t\t<\/div>\n\t\t\t\t<\/div>\n\t\t\t\t<div class=\"elementor-element elementor-element-48e85b0 elementor-widget elementor-widget-tbay-heading\" data-id=\"48e85b0\" data-element_type=\"widget\" data-widget_type=\"tbay-heading.default\">\n\t\t\t\t<div class=\"elementor-widget-container\">\n\t\t\t\t\t\r\n<div class=\"tbay-element tbay-element-heading\">\r\n\t\t\t\t<h3 class=\"heading-tbay-title\">\r\n\t\t\t\t\t\t\t\t\t<span class=\"title\">Nous avons r\u00e9duit les prix \u2026et pas la qualit\u00e9 !<\/span>\r\n\t\t\t\t\t    \t\r\n\t\t\t\t\t\t\t<\/h3>\r\n\t\t<\/div>\t\t\t\t<\/div>\n\t\t\t\t<\/div>\n\t\t\t\t<div class=\"elementor-element elementor-element-f0134f8 elementor-widget elementor-widget-text-editor\" data-id=\"f0134f8\" data-element_type=\"widget\" data-widget_type=\"text-editor.default\">\n\t\t\t\t<div class=\"elementor-widget-container\">\n\t\t\t\t\t\t\t\t\t<p><span style=\"font-weight: 400;\">notre politique commerciale est devenue plus orient\u00e9e vers la vulgarisation. C\u2019est le nombre d\u2019articles vendus qui assure la rentabilit\u00e9 de nos projets. Par ailleurs, la qualit\u00e9 de notre travail et notre disponibilit\u00e9 ne changent pas et ne changeront jamais !<\/span><\/p>\t\t\t\t\t\t\t\t<\/div>\n\t\t\t\t<\/div>\n\t\t\t\t<\/div>\n\t\t<div class=\"elementor-element elementor-element-2efd217 e-con-full e-flex e-con e-child\" data-id=\"2efd217\" data-element_type=\"container\">\n\t\t\t\t<div class=\"elementor-element elementor-element-9204fdd elementor-widget elementor-widget-image\" data-id=\"9204fdd\" data-element_type=\"widget\" data-widget_type=\"image.default\">\n\t\t\t\t<div class=\"elementor-widget-container\">\n\t\t\t\t\t\t\t\t\t\t\t\t\t\t\t<img fetchpriority=\"high\" decoding=\"async\" width=\"640\" height=\"960\" src=\"https:\/\/managi.ma\/wp-content\/uploads\/2025\/03\/priscilla-du-preez-NjirplnVra8-unsplash.jpg\" class=\"attachment-full size-full wp-image-6894\" alt=\"\" \/>\t\t\t\t\t\t\t\t\t\t\t\t\t\t\t<\/div>\n\t\t\t\t<\/div>\n\t\t\t\t<\/div>\n\t\t\t\t\t<\/div>\n\t\t\t\t<\/div>\n\t\t<div class=\"elementor-element elementor-element-d8384b9 e-con-full e-flex e-con e-parent\" data-id=\"d8384b9\" data-element_type=\"container\" data-settings=\"{&quot;background_background&quot;:&quot;classic&quot;}\">\n\t\t<div class=\"elementor-element elementor-element-c635d98 e-con-full e-flex e-con e-child\" data-id=\"c635d98\" data-element_type=\"container\">\n\t\t\t\t<div class=\"elementor-element elementor-element-18e0e70 elementor-widget__width-initial elementor-widget elementor-widget-tbay-heading\" data-id=\"18e0e70\" data-element_type=\"widget\" data-widget_type=\"tbay-heading.default\">\n\t\t\t\t<div class=\"elementor-widget-container\">\n\t\t\t\t\t\r\n<div class=\"tbay-element tbay-element-heading\">\r\n\t\t\t\t<h4 class=\"heading-tbay-title\">\r\n\t\t\t\t\t\t\t\t\t<span class=\"title\">Grand gagnant du 20i FOSS Awards L\u2019Excellence Made in France<\/span>\r\n\t\t\t\t\t    \t\r\n\t\t\t\t\t\t\t<\/h4>\r\n\t\t<\/div>\t\t\t\t<\/div>\n\t\t\t\t<\/div>\n\t\t\t\t<\/div>\n\t\t<div class=\"elementor-element elementor-element-5ab41c8 e-con-full e-flex e-con e-child\" data-id=\"5ab41c8\" data-element_type=\"container\">\n\t\t\t\t<div class=\"elementor-element elementor-element-94e73c8 elementor-widget elementor-widget-image\" data-id=\"94e73c8\" data-element_type=\"widget\" data-widget_type=\"image.default\">\n\t\t\t\t<div class=\"elementor-widget-container\">\n\t\t\t\t\t\t\t\t\t\t\t\t\t\t\t<img decoding=\"async\" width=\"242\" height=\"209\" src=\"https:\/\/managi.ma\/wp-content\/uploads\/2025\/03\/crm-and-support-winner-gold-1.png\" class=\"attachment-large size-large wp-image-6878\" alt=\"\" \/>\t\t\t\t\t\t\t\t\t\t\t\t\t\t\t<\/div>\n\t\t\t\t<\/div>\n\t\t\t\t<\/div>\n\t\t\t\t<\/div>\n\t\t<div class=\"elementor-element elementor-element-4f882a9 e-flex e-con-boxed e-con e-parent\" data-id=\"4f882a9\" data-element_type=\"container\">\n\t\t\t\t\t<div class=\"e-con-inner\">\n\t\t<div class=\"elementor-element elementor-element-5667cd9 e-con-full e-flex e-con e-child\" data-id=\"5667cd9\" data-element_type=\"container\">\n\t\t\t\t<div class=\"elementor-element elementor-element-583a650 elementor-widget elementor-widget-text-editor\" data-id=\"583a650\" data-element_type=\"widget\" data-widget_type=\"text-editor.default\">\n\t\t\t\t<div class=\"elementor-widget-container\">\n\t\t\t\t\t\t\t\t\t<h1><strong>Analyse et rapports<\/strong><\/h1><p>\u00a0<\/p><ul><li>Analysez les performances de votre entreprise avec des rapports d\u00e9taill\u00e9s et personnalis\u00e9s<\/li><li>\u00a0Suivez les tendances et les mod\u00e8les dans vos ventes et vos stocks<\/li><li>\u00a0Ajustez votre strat\u00e9gie commerciale en cons\u00e9quence pour am\u00e9liorer vos r\u00e9sultats<\/li><\/ul><p>Les rapports permettent d&#8217;analyser les performances de l&#8217;entreprise, en \u00e9valuant les r\u00e9sultats obtenus par rapport aux objectifs fix\u00e9s. Cela permet de mesurer l&#8217;efficacit\u00e9 des strat\u00e9gies mises en place et de faire des ajustements n\u00e9cessaires.<\/p>\t\t\t\t\t\t\t\t<\/div>\n\t\t\t\t<\/div>\n\t\t\t\t<\/div>\n\t\t<div class=\"elementor-element elementor-element-837c993 e-con-full e-flex e-con e-child\" data-id=\"837c993\" data-element_type=\"container\">\n\t\t\t\t<div class=\"elementor-element elementor-element-4a3b3c8 elementor-widget elementor-widget-image\" data-id=\"4a3b3c8\" data-element_type=\"widget\" data-widget_type=\"image.default\">\n\t\t\t\t<div class=\"elementor-widget-container\">\n\t\t\t\t\t\t\t\t\t\t\t\t\t\t\t<img loading=\"lazy\" decoding=\"async\" width=\"640\" height=\"463\" src=\"https:\/\/managi.ma\/wp-content\/uploads\/2025\/03\/campaign-creators-pypeCEaJeZY-unsplash.jpg\" class=\"attachment-full size-full wp-image-6931\" alt=\"\" \/>\t\t\t\t\t\t\t\t\t\t\t\t\t\t\t<\/div>\n\t\t\t\t<\/div>\n\t\t\t\t<\/div>\n\t\t\t\t\t<\/div>\n\t\t\t\t<\/div>\n\t\t\t\t<\/div>\n\t\t","protected":false},"excerpt":{"rendered":"<p>Prix comp\u00e9titif Nous proposons des tarifs comp\u00e9titifs pour notre offre d&#8217;int\u00e9gration, sans frais cach\u00e9s ni suppl\u00e9ments. Nous sommes convaincus que notre solution doit \u00eatre accessible \u00e0 toutes les entreprises, quel que soit leur budget. Solution compl\u00e8te Notre offre d&#8217;int\u00e9gration comprend toutes les fonctionnalit\u00e9s n\u00e9cessaires pour g\u00e9rer votre entreprise de mani\u00e8re efficace. Nous proposons une solution &hellip; <a href=\"https:\/\/managi.ma\/\" class=\"more-link\">Read More <span class=\"screen-reader-text\">Accueil<\/span><\/a><\/p>\n","protected":false},"author":1,"featured_media":0,"parent":0,"menu_order":0,"comment_status":"closed","ping_status":"closed","template":"elementor_header_footer","meta":{"footnotes":""},"class_list":["post-6403","page","type-page","status-publish","hentry"],"_links":{"self":[{"href":"https:\/\/managi.ma\/index.php\/wp-json\/wp\/v2\/pages\/6403","targetHints":{"allow":["GET"]}}],"collection":[{"href":"https:\/\/managi.ma\/index.php\/wp-json\/wp\/v2\/pages"}],"about":[{"href":"https:\/\/managi.ma\/index.php\/wp-json\/wp\/v2\/types\/page"}],"author":[{"embeddable":true,"href":"https:\/\/managi.ma\/index.php\/wp-json\/wp\/v2\/users\/1"}],"replies":[{"embeddable":true,"href":"https:\/\/managi.ma\/index.php\/wp-json\/wp\/v2\/comments?post=6403"}],"version-history":[{"count":89,"href":"https:\/\/managi.ma\/index.php\/wp-json\/wp\/v2\/pages\/6403\/revisions"}],"predecessor-version":[{"id":6950,"href":"https:\/\/managi.ma\/index.php\/wp-json\/wp\/v2\/pages\/6403\/revisions\/6950"}],"wp:attachment":[{"href":"https:\/\/managi.ma\/index.php\/wp-json\/wp\/v2\/media?parent=6403"}],"curies":[{"name":"wp","href":"https:\/\/api.w.org\/{rel}","templated":true}]}}