{"id":419,"date":"2020-12-22T01:52:18","date_gmt":"2020-12-22T01:52:18","guid":{"rendered":"https:\/\/el1.thembaydev.com\/zota_handmade\/?page_id=419"},"modified":"2025-03-08T17:41:40","modified_gmt":"2025-03-08T16:41:40","slug":"qui-somme-nous","status":"publish","type":"page","link":"https:\/\/managi.ma\/index.php\/qui-somme-nous\/","title":{"rendered":"Qui somme nous ?"},"content":{"rendered":"\t\t<div data-elementor-type=\"wp-page\" data-elementor-id=\"419\" class=\"elementor elementor-419\">\n\t\t\t\t<div class=\"elementor-element elementor-element-d0e6f3b e-con-full e-flex e-con e-parent\" data-id=\"d0e6f3b\" data-element_type=\"container\" data-settings=\"{&quot;background_background&quot;:&quot;classic&quot;}\">\n\t\t\t\t<div class=\"elementor-element elementor-element-79c6cb7 elementor-widget__width-initial elementor-widget elementor-widget-tbay-heading\" data-id=\"79c6cb7\" data-element_type=\"widget\" data-widget_type=\"tbay-heading.default\">\n\t\t\t\t<div class=\"elementor-widget-container\">\n\t\t\t\t\t\r\n<div class=\"tbay-element tbay-element-heading\">\r\n\t\t\t\t<h3 class=\"heading-tbay-title\">\r\n\t\t\t\t\t\t\t\t\t<span class=\"title\">Qui somme nous<\/span>\r\n\t\t\t\t\t    \t\r\n\t\t\t\t\t\t\t<\/h3>\r\n\t\t<\/div>\t\t\t\t<\/div>\n\t\t\t\t<\/div>\n\t\t\t\t<\/div>\n\t\t\t\t<section class=\"elementor-section elementor-top-section elementor-element elementor-element-6d1da67e elementor-section-boxed elementor-section-height-default elementor-section-height-default\" data-id=\"6d1da67e\" data-element_type=\"section\">\n\t\t\t\t\t\t<div class=\"elementor-container elementor-column-gap-no\">\n\t\t\t\t\t<div class=\"elementor-column elementor-col-100 elementor-top-column elementor-element elementor-element-1c4079b6\" data-id=\"1c4079b6\" data-element_type=\"column\">\n\t\t\t<div class=\"elementor-widget-wrap elementor-element-populated\">\n\t\t\t\t\t\t<div class=\"elementor-element elementor-element-25f7f2fd elementor-widget elementor-widget-text-editor\" data-id=\"25f7f2fd\" data-element_type=\"widget\" data-widget_type=\"text-editor.default\">\n\t\t\t\t<div class=\"elementor-widget-container\">\n\t\t\t\t\t\t\t\t\t<p><span style=\"font-weight: 400;\">Nous somme une agence digitale native de la passion de son fondateur et de ses partenaires par l\u2019innovation et le d\u00e9veloppement. Et ce, gr\u00e2ce \u00e0 l\u2019outil informatique et aux technologies de l\u2019information qui font la meilleure solution de pour l&#8217;optimisation des activit\u00e9s avec une meilleure rentabilit\u00e9.<\/span><\/p><p><span style=\"font-weight: 400;\">Notre objectif est de contribuer \u00e0 la d\u00e9marche de la vulgarisation de l\u2019utilisation de l\u2019outil digital au maroc tout en rendant l&#8217;offre des solutions plus abordable par les petites et les moyens entreprises, et surtout plus adapt\u00e9e \u00e0 l&#8217;exp\u00e9rience de l\u2019utilisateur marocain .<\/span><\/p><p>\u00a0<\/p><p><span style=\"font-weight: 400;\">Nous sommes conscients du r\u00e9el d\u00e9fi de l\u2019entrepreneur marocain et nous mettons, ainsi, notre expertise \u00e0 son service pour l&#8217;aider \u00e0 mieux s\u2019organiser, \u00e0 bien g\u00e9rer ses ressources et \u00e0 optimiser leur productivit\u00e9 \u00e0 la fois. Et ce, afin d&#8217;am\u00e9liorer sa visibilit\u00e9 et communiquer d\u2019une mani\u00e8re plus efficace gr\u00e2ce \u00e0 notre savoir et nos solutions .<br \/><\/span><\/p><p>\u00a0<\/p><p>Nous proposons une solution compl\u00e8te et abordable pour g\u00e9rer votre entreprise de mani\u00e8re efficace. Notre logiciel de gestion d&#8217;entreprise est con\u00e7u pour r\u00e9pondre \u00e0 vos besoins sp\u00e9cifiques et vous aider \u00e0 atteindre vos objectifs.<\/p>\t\t\t\t\t\t\t\t<\/div>\n\t\t\t\t<\/div>\n\t\t\t\t\t<\/div>\n\t\t<\/div>\n\t\t\t\t\t<\/div>\n\t\t<\/section>\n\t\t\t\t<\/div>\n\t\t","protected":false},"excerpt":{"rendered":"<p>Qui somme nous Nous somme une agence digitale native de la passion de son fondateur et de ses partenaires par l\u2019innovation et le d\u00e9veloppement. Et ce, gr\u00e2ce \u00e0 l\u2019outil informatique et aux technologies de l\u2019information qui font la meilleure solution de pour l&#8217;optimisation des activit\u00e9s avec une meilleure rentabilit\u00e9. Notre objectif est de contribuer \u00e0 &hellip; <a href=\"https:\/\/managi.ma\/index.php\/qui-somme-nous\/\" class=\"more-link\">Read More <span class=\"screen-reader-text\">Qui somme nous ?<\/span><\/a><\/p>\n","protected":false},"author":1,"featured_media":0,"parent":0,"menu_order":0,"comment_status":"closed","ping_status":"closed","template":"elementor_header_footer","meta":{"footnotes":""},"class_list":["post-419","page","type-page","status-publish","hentry"],"_links":{"self":[{"href":"https:\/\/managi.ma\/index.php\/wp-json\/wp\/v2\/pages\/419","targetHints":{"allow":["GET"]}}],"collection":[{"href":"https:\/\/managi.ma\/index.php\/wp-json\/wp\/v2\/pages"}],"about":[{"href":"https:\/\/managi.ma\/index.php\/wp-json\/wp\/v2\/types\/page"}],"author":[{"embeddable":true,"href":"https:\/\/managi.ma\/index.php\/wp-json\/wp\/v2\/users\/1"}],"replies":[{"embeddable":true,"href":"https:\/\/managi.ma\/index.php\/wp-json\/wp\/v2\/comments?post=419"}],"version-history":[{"count":27,"href":"https:\/\/managi.ma\/index.php\/wp-json\/wp\/v2\/pages\/419\/revisions"}],"predecessor-version":[{"id":6964,"href":"https:\/\/managi.ma\/index.php\/wp-json\/wp\/v2\/pages\/419\/revisions\/6964"}],"wp:attachment":[{"href":"https:\/\/managi.ma\/index.php\/wp-json\/wp\/v2\/media?parent=419"}],"curies":[{"name":"wp","href":"https:\/\/api.w.org\/{rel}","templated":true}]}}